{"id":17,"date":"2024-07-03T09:00:46","date_gmt":"2024-07-03T09:00:46","guid":{"rendered":"https:\/\/werkstatt-selber-bauen.de\/?page_id=17"},"modified":"2024-07-26T07:22:51","modified_gmt":"2024-07-26T07:22:51","slug":"apothekerschrank","status":"publish","type":"page","link":"https:\/\/werkstatt-selber-bauen.de\/?page_id=17","title":{"rendered":"Apothekerschrank"},"content":{"rendered":"\n<h2 class=\"wp-block-heading has-text-align-left\">Effiziente Werkstattorganisation mit einem Apothekerschrank<\/h2>\n\n\n\n<p>Eine gut organisierte Werkstatt ist das A und O f\u00fcr effizientes Arbeiten. Ein Apothekerschrank kann dabei eine entscheidende Rolle spielen. Durch die Konstruktion mit Vollausz\u00fcgen beh\u00e4ltst Du jederzeit den \u00dcberblick \u00fcber den gesamten Inhalt des Auszuges. So verschwindet nichts mehr in der hinteren Reihe und wird nach Jahren vertrocknet wiedergefunden.<\/p>\n\n\n\n<p>Der Apothekerschrank eignet sich hervorragend f\u00fcr die Aufbewahrung von Dosen, Flaschen und anderen, \u00e4hnlich hohen Gegenst\u00e4nden. Mit einem solchen Schrank nutzt Du den wertvollen Platz in Deiner Werkstatt optimal aus und hast alles griffbereit.<\/p>\n\n\n\n<p>Heimwerker, die noch keine eigene Werkstatt haben oder ihre Werkstatt aus alten, zusammengew\u00fcrfelten M\u00f6beln zusammengestellt haben, wissen, wie wichtig eine gute Organisation ist. Ein Apothekerschrank kann hier den entscheidenden Unterschied machen.<\/p>\n\n\n\n<p>Verbessere die Organisation Deiner Werkstatt und steigere Deine Effizienz mit einem Apothekerschrank. Hier findest Du eine <a href=\"https:\/\/shop.lets-bastel.de\/WmS-Apothekerschrank-Bauanleitung?WSB=1\">Bauanleitung f\u00fcr Deinen eigenen Apothekerschrank<\/a>.<\/p>\n\n\n\n<div class=\"wp-block-group alignfull has-accent-5-background-color has-background has-global-padding is-layout-constrained wp-container-core-group-is-layout-827b2b8e wp-block-group-is-layout-constrained\" style=\"margin-top:var(--wp--preset--spacing--20);margin-bottom:var(--wp--preset--spacing--20);padding-top:0;padding-right:0;padding-bottom:0;padding-left:0\">\n<div class=\"wp-block-group alignfull has-global-padding is-layout-constrained wp-container-core-group-is-layout-c7a42c40 wp-block-group-is-layout-constrained\" style=\"margin-top:0;margin-bottom:0;padding-top:var(--wp--preset--spacing--20);padding-right:var(--wp--preset--spacing--50);padding-bottom:var(--wp--preset--spacing--20);padding-left:var(--wp--preset--spacing--50)\">\n<div class=\"wp-block-group alignwide has-base-2-background-color has-background has-global-padding is-layout-constrained wp-container-core-group-is-layout-39412042 wp-block-group-is-layout-constrained\" style=\"border-radius:16px;padding-top:var(--wp--preset--spacing--40);padding-right:var(--wp--preset--spacing--50);padding-bottom:var(--wp--preset--spacing--40);padding-left:var(--wp--preset--spacing--50)\">\n<div style=\"height:var(--wp--preset--spacing--10)\" aria-hidden=\"true\" class=\"wp-block-spacer\"><\/div>\n\n\n\n<h2 class=\"wp-block-heading has-text-align-center has-x-large-font-size\">Hole dir jetzt die Bauanleitung<\/h2>\n\n\n\n<p class=\"has-text-align-center\">Hol dir die Anleitung und baue deine Traumwerkstatt St\u00fcck f\u00fcr St\u00fcck.<\/p>\n\n\n\n<div class=\"wp-block-buttons is-content-justification-center is-layout-flex wp-container-core-buttons-is-layout-a89b3969 wp-block-buttons-is-layout-flex\">\n<div class=\"wp-block-button\"><a class=\"wp-block-button__link wp-element-button\" href=\"https:\/\/shop.lets-bastel.de\/WmS-Apothekerschrank-Bauanleitung?WSB=1\">Zur Bauanleitung<\/a><\/div>\n<\/div>\n\n\n\n<div style=\"height:16px\" aria-hidden=\"true\" class=\"wp-block-spacer\"><\/div>\n<\/div>\n<\/div>\n<\/div>\n\n\n\n<div class=\"wp-block-comments\">\n\n\n\n\n\n\t<div id=\"respond\" class=\"comment-respond wp-block-post-comments-form\">\n\t\t<h3 id=\"reply-title\" class=\"comment-reply-title\">Schreibe einen Kommentar <small><a rel=\"nofollow\" id=\"cancel-comment-reply-link\" href=\"\/index.php?rest_route=%2Fwp%2Fv2%2Fpages%2F17#respond\" style=\"display:none;\">Antwort abbrechen<\/a><\/small><\/h3><form action=\"https:\/\/werkstatt-selber-bauen.de\/wp-comments-post.php\" method=\"post\" id=\"commentform\" class=\"comment-form\"><p class=\"comment-notes\"><span id=\"email-notes\">Deine E-Mail-Adresse wird nicht ver\u00f6ffentlicht.<\/span> <span class=\"required-field-message\">Erforderliche Felder sind mit <span class=\"required\">*<\/span> markiert<\/span><\/p><p class=\"comment-form-comment\"><label for=\"comment\">Kommentar <span class=\"required\">*<\/span><\/label> <textarea id=\"comment\" name=\"comment\" cols=\"45\" rows=\"8\" maxlength=\"65525\" required><\/textarea><\/p><p class=\"comment-form-author\"><label for=\"author\">Name <span class=\"required\">*<\/span><\/label> <input id=\"author\" name=\"author\" type=\"text\" value=\"\" size=\"30\" maxlength=\"245\" autocomplete=\"name\" required \/><\/p>\n<p class=\"comment-form-email\"><label for=\"email\">E-Mail-Adresse <span class=\"required\">*<\/span><\/label> <input id=\"email\" name=\"email\" type=\"email\" value=\"\" size=\"30\" maxlength=\"100\" aria-describedby=\"email-notes\" autocomplete=\"email\" required \/><\/p>\n<p class=\"comment-form-url\"><label for=\"url\">Website<\/label> <input id=\"url\" name=\"url\" type=\"url\" value=\"\" size=\"30\" maxlength=\"200\" autocomplete=\"url\" \/><\/p>\n<p class=\"comment-form-cookies-consent\"><input id=\"wp-comment-cookies-consent\" name=\"wp-comment-cookies-consent\" type=\"checkbox\" value=\"yes\" \/> <label for=\"wp-comment-cookies-consent\">Meinen Namen, meine E-Mail-Adresse und meine Website in diesem Browser f\u00fcr die n\u00e4chste Kommentierung speichern.<\/label><\/p>\n<p class=\"form-submit wp-block-button\"><input name=\"submit\" type=\"submit\" id=\"submit\" class=\"wp-block-button__link wp-element-button\" value=\"Kommentar abschicken\" \/> <input type='hidden' name='comment_post_ID' value='17' id='comment_post_ID' \/>\n<input type='hidden' name='comment_parent' id='comment_parent' value='0' \/>\n<\/p><p style=\"display: none !important;\" class=\"akismet-fields-container\" data-prefix=\"ak_\"><label>&#916;<textarea name=\"ak_hp_textarea\" cols=\"45\" rows=\"8\" maxlength=\"100\"><\/textarea><\/label><input type=\"hidden\" id=\"ak_js_1\" name=\"ak_js\" value=\"148\"\/><script>document.getElementById( \"ak_js_1\" ).setAttribute( \"value\", ( new Date() ).getTime() );<\/script><\/p><\/form>\t<\/div><!-- #respond -->\n\t<\/div>\n","protected":false},"excerpt":{"rendered":"<p>Effiziente Werkstattorganisation mit einem Apothekerschrank Eine gut organisierte Werkstatt ist das A und O f\u00fcr effizientes Arbeiten. Ein Apothekerschrank kann dabei eine entscheidende Rolle spielen. Durch die Konstruktion mit Vollausz\u00fcgen beh\u00e4ltst Du jederzeit den \u00dcberblick \u00fcber den gesamten Inhalt des Auszuges. So verschwindet nichts mehr in der hinteren Reihe und wird nach Jahren vertrocknet wiedergefunden. [&hellip;]<\/p>\n","protected":false},"author":1,"featured_media":165,"parent":196,"menu_order":0,"comment_status":"open","ping_status":"closed","template":"","meta":{"footnotes":""},"class_list":["post-17","page","type-page","status-publish","has-post-thumbnail","hentry"],"_links":{"self":[{"href":"https:\/\/werkstatt-selber-bauen.de\/index.php?rest_route=\/wp\/v2\/pages\/17","targetHints":{"allow":["GET"]}}],"collection":[{"href":"https:\/\/werkstatt-selber-bauen.de\/index.php?rest_route=\/wp\/v2\/pages"}],"about":[{"href":"https:\/\/werkstatt-selber-bauen.de\/index.php?rest_route=\/wp\/v2\/types\/page"}],"author":[{"embeddable":true,"href":"https:\/\/werkstatt-selber-bauen.de\/index.php?rest_route=\/wp\/v2\/users\/1"}],"replies":[{"embeddable":true,"href":"https:\/\/werkstatt-selber-bauen.de\/index.php?rest_route=%2Fwp%2Fv2%2Fcomments&post=17"}],"version-history":[{"count":7,"href":"https:\/\/werkstatt-selber-bauen.de\/index.php?rest_route=\/wp\/v2\/pages\/17\/revisions"}],"predecessor-version":[{"id":325,"href":"https:\/\/werkstatt-selber-bauen.de\/index.php?rest_route=\/wp\/v2\/pages\/17\/revisions\/325"}],"up":[{"embeddable":true,"href":"https:\/\/werkstatt-selber-bauen.de\/index.php?rest_route=\/wp\/v2\/pages\/196"}],"wp:featuredmedia":[{"embeddable":true,"href":"https:\/\/werkstatt-selber-bauen.de\/index.php?rest_route=\/wp\/v2\/media\/165"}],"wp:attachment":[{"href":"https:\/\/werkstatt-selber-bauen.de\/index.php?rest_route=%2Fwp%2Fv2%2Fmedia&parent=17"}],"curies":[{"name":"wp","href":"https:\/\/api.w.org\/{rel}","templated":true}]}}