{"id":19,"date":"2024-07-03T09:01:44","date_gmt":"2024-07-03T09:01:44","guid":{"rendered":"https:\/\/werkstatt-selber-bauen.de\/?page_id=19"},"modified":"2024-07-26T07:25:08","modified_gmt":"2024-07-26T07:25:08","slug":"regalschrank-%c2%b1-tuer","status":"publish","type":"page","link":"https:\/\/werkstatt-selber-bauen.de\/?page_id=19","title":{"rendered":"Regalschrank \u00b1 T\u00fcr"},"content":{"rendered":"\n<h2 class=\"wp-block-heading has-text-align-left\">Der vielseitige Allesk\u00f6nner f\u00fcr Deine Werkstatt<\/h2>\n\n\n\n<p>Wenn du auf der Suche nach einem praktischen und vielseitigen Regalschrank bist, der sich nahtlos in deine Werkstatt einf\u00fcgt, dann ist der Regalschrank WmS genau das Richtige f\u00fcr dich. Dieser Regalschrank bietet dir nicht nur die M\u00f6glichkeit, Einlegeb\u00f6den in der H\u00f6he zu variieren, sondern erm\u00f6glicht dir auch, deine Werkstatt ganz nach deinen Bed\u00fcrfnissen zu gestalten.<\/p>\n\n\n\n<p>Der Regalschrank WmS ist in zwei Varianten erh\u00e4ltlich: Eine schmale Version mit 50 cm Breite und eine breitere Version mit 100 cm Breite. Die schmale Variante verf\u00fcgt \u00fcber eine T\u00fcr, w\u00e4hrend die breite Version mit zwei T\u00fcren ausgestattet ist und durch eine Zwischenwand im Innenraum unterteilt ist. Durch das durchdachte Lochreihensystem kannst du die Einlegeb\u00f6den flexibel anpassen und so den Stauraum optimal nutzen.<\/p>\n\n\n\n<p>Ob du nun deine Werkstatt neu einrichten oder einfach nur den bestehenden Raum optimieren m\u00f6chtest \u2013 der Regalschrank WmS ist die ideale L\u00f6sung. Er bietet nicht nur funktionalen Stauraum, sondern f\u00fcgt sich auch optisch gut in deine Werkstatt ein. Die M\u00f6glichkeit, den Schrank entweder offen oder mit einer T\u00fcr zu nutzen, gibt dir die Freiheit, das M\u00f6belst\u00fcck an deinen Stil und deine Bed\u00fcrfnisse anzupassen.<\/p>\n\n\n\n<p>M\u00f6chtest du mehr \u00fcber den Regalschrank WmS erfahren oder direkt einen kaufen? Dann schau dir unsere detaillierte Bauanleitung an und mache dein Werkstattprojekt zum Erfolg. Besuche <a href=\"https:\/\/shop.lets-bastel.de\/WmS-Regalschrank-mit-Tuer-Bauanleitung?WSB=1\">unsere Seite<\/a> f\u00fcr alle Details und die passende Anleitung!<\/p>\n\n\n\n<div class=\"wp-block-group alignfull has-accent-5-background-color has-background has-global-padding is-layout-constrained wp-container-core-group-is-layout-827b2b8e wp-block-group-is-layout-constrained\" style=\"margin-top:var(--wp--preset--spacing--20);margin-bottom:var(--wp--preset--spacing--20);padding-top:0;padding-right:0;padding-bottom:0;padding-left:0\">\n<div class=\"wp-block-group alignfull has-global-padding is-layout-constrained wp-container-core-group-is-layout-c7a42c40 wp-block-group-is-layout-constrained\" style=\"margin-top:0;margin-bottom:0;padding-top:var(--wp--preset--spacing--20);padding-right:var(--wp--preset--spacing--50);padding-bottom:var(--wp--preset--spacing--20);padding-left:var(--wp--preset--spacing--50)\">\n<div class=\"wp-block-group alignwide has-base-2-background-color has-background has-global-padding is-layout-constrained wp-container-core-group-is-layout-39412042 wp-block-group-is-layout-constrained\" style=\"border-radius:16px;padding-top:var(--wp--preset--spacing--40);padding-right:var(--wp--preset--spacing--50);padding-bottom:var(--wp--preset--spacing--40);padding-left:var(--wp--preset--spacing--50)\">\n<div style=\"height:var(--wp--preset--spacing--10)\" aria-hidden=\"true\" class=\"wp-block-spacer\"><\/div>\n\n\n\n<h2 class=\"wp-block-heading has-text-align-center has-x-large-font-size\">Hole dir jetzt die Bauanleitung<\/h2>\n\n\n\n<p class=\"has-text-align-center\">Hol dir die Anleitung und baue deine Traumwerkstatt St\u00fcck f\u00fcr St\u00fcck.<\/p>\n\n\n\n<div class=\"wp-block-buttons is-content-justification-center is-layout-flex wp-container-core-buttons-is-layout-a89b3969 wp-block-buttons-is-layout-flex\">\n<div class=\"wp-block-button\"><a class=\"wp-block-button__link wp-element-button\" href=\"https:\/\/shop.lets-bastel.de\/WmS-Regalschrank-mit-Tuer-Bauanleitung?WSB=1\">Zur Bauanleitung<\/a><\/div>\n<\/div>\n\n\n\n<div style=\"height:16px\" aria-hidden=\"true\" class=\"wp-block-spacer\"><\/div>\n<\/div>\n<\/div>\n<\/div>\n\n\n\n<div class=\"wp-block-comments\">\n\n\n\n\n\n\t<div id=\"respond\" class=\"comment-respond wp-block-post-comments-form\">\n\t\t<h3 id=\"reply-title\" class=\"comment-reply-title\">Schreibe einen Kommentar <small><a rel=\"nofollow\" id=\"cancel-comment-reply-link\" href=\"\/index.php?rest_route=%2Fwp%2Fv2%2Fpages%2F19#respond\" style=\"display:none;\">Antwort abbrechen<\/a><\/small><\/h3><form action=\"https:\/\/werkstatt-selber-bauen.de\/wp-comments-post.php\" method=\"post\" id=\"commentform\" class=\"comment-form\"><p class=\"comment-notes\"><span id=\"email-notes\">Deine E-Mail-Adresse wird nicht ver\u00f6ffentlicht.<\/span> <span class=\"required-field-message\">Erforderliche Felder sind mit <span class=\"required\">*<\/span> markiert<\/span><\/p><p class=\"comment-form-comment\"><label for=\"comment\">Kommentar <span class=\"required\">*<\/span><\/label> <textarea id=\"comment\" name=\"comment\" cols=\"45\" rows=\"8\" maxlength=\"65525\" required><\/textarea><\/p><p class=\"comment-form-author\"><label for=\"author\">Name <span class=\"required\">*<\/span><\/label> <input id=\"author\" name=\"author\" type=\"text\" value=\"\" size=\"30\" maxlength=\"245\" autocomplete=\"name\" required \/><\/p>\n<p class=\"comment-form-email\"><label for=\"email\">E-Mail-Adresse <span class=\"required\">*<\/span><\/label> <input id=\"email\" name=\"email\" type=\"email\" value=\"\" size=\"30\" maxlength=\"100\" aria-describedby=\"email-notes\" autocomplete=\"email\" required \/><\/p>\n<p class=\"comment-form-url\"><label for=\"url\">Website<\/label> <input id=\"url\" name=\"url\" type=\"url\" value=\"\" size=\"30\" maxlength=\"200\" autocomplete=\"url\" \/><\/p>\n<p class=\"comment-form-cookies-consent\"><input id=\"wp-comment-cookies-consent\" name=\"wp-comment-cookies-consent\" type=\"checkbox\" value=\"yes\" \/> <label for=\"wp-comment-cookies-consent\">Meinen Namen, meine E-Mail-Adresse und meine Website in diesem Browser f\u00fcr die n\u00e4chste Kommentierung speichern.<\/label><\/p>\n<p class=\"form-submit wp-block-button\"><input name=\"submit\" type=\"submit\" id=\"submit\" class=\"wp-block-button__link wp-element-button\" value=\"Kommentar abschicken\" \/> <input type='hidden' name='comment_post_ID' value='19' id='comment_post_ID' \/>\n<input type='hidden' name='comment_parent' id='comment_parent' value='0' \/>\n<\/p><p style=\"display: none !important;\" class=\"akismet-fields-container\" data-prefix=\"ak_\"><label>&#916;<textarea name=\"ak_hp_textarea\" cols=\"45\" rows=\"8\" maxlength=\"100\"><\/textarea><\/label><input type=\"hidden\" id=\"ak_js_1\" name=\"ak_js\" value=\"150\"\/><script>document.getElementById( \"ak_js_1\" ).setAttribute( \"value\", ( new Date() ).getTime() );<\/script><\/p><\/form>\t<\/div><!-- #respond -->\n\t<\/div>\n","protected":false},"excerpt":{"rendered":"<p>Der vielseitige Allesk\u00f6nner f\u00fcr Deine Werkstatt Wenn du auf der Suche nach einem praktischen und vielseitigen Regalschrank bist, der sich nahtlos in deine Werkstatt einf\u00fcgt, dann ist der Regalschrank WmS genau das Richtige f\u00fcr dich. Dieser Regalschrank bietet dir nicht nur die M\u00f6glichkeit, Einlegeb\u00f6den in der H\u00f6he zu variieren, sondern erm\u00f6glicht dir auch, deine Werkstatt [&hellip;]<\/p>\n","protected":false},"author":1,"featured_media":183,"parent":196,"menu_order":0,"comment_status":"open","ping_status":"closed","template":"","meta":{"footnotes":""},"class_list":["post-19","page","type-page","status-publish","has-post-thumbnail","hentry"],"_links":{"self":[{"href":"https:\/\/werkstatt-selber-bauen.de\/index.php?rest_route=\/wp\/v2\/pages\/19","targetHints":{"allow":["GET"]}}],"collection":[{"href":"https:\/\/werkstatt-selber-bauen.de\/index.php?rest_route=\/wp\/v2\/pages"}],"about":[{"href":"https:\/\/werkstatt-selber-bauen.de\/index.php?rest_route=\/wp\/v2\/types\/page"}],"author":[{"embeddable":true,"href":"https:\/\/werkstatt-selber-bauen.de\/index.php?rest_route=\/wp\/v2\/users\/1"}],"replies":[{"embeddable":true,"href":"https:\/\/werkstatt-selber-bauen.de\/index.php?rest_route=%2Fwp%2Fv2%2Fcomments&post=19"}],"version-history":[{"count":5,"href":"https:\/\/werkstatt-selber-bauen.de\/index.php?rest_route=\/wp\/v2\/pages\/19\/revisions"}],"predecessor-version":[{"id":331,"href":"https:\/\/werkstatt-selber-bauen.de\/index.php?rest_route=\/wp\/v2\/pages\/19\/revisions\/331"}],"up":[{"embeddable":true,"href":"https:\/\/werkstatt-selber-bauen.de\/index.php?rest_route=\/wp\/v2\/pages\/196"}],"wp:featuredmedia":[{"embeddable":true,"href":"https:\/\/werkstatt-selber-bauen.de\/index.php?rest_route=\/wp\/v2\/media\/183"}],"wp:attachment":[{"href":"https:\/\/werkstatt-selber-bauen.de\/index.php?rest_route=%2Fwp%2Fv2%2Fmedia&parent=19"}],"curies":[{"name":"wp","href":"https:\/\/api.w.org\/{rel}","templated":true}]}}