{"id":21,"date":"2024-07-03T09:01:55","date_gmt":"2024-07-03T09:01:55","guid":{"rendered":"https:\/\/werkstatt-selber-bauen.de\/?page_id=21"},"modified":"2024-07-26T07:23:58","modified_gmt":"2024-07-26T07:23:58","slug":"haengeschrank-mit-schieberegal","status":"publish","type":"page","link":"https:\/\/werkstatt-selber-bauen.de\/?page_id=21","title":{"rendered":"H\u00e4ngeschrank mit Schieberegal"},"content":{"rendered":"\n<h3 class=\"wp-block-heading\"><strong>Der H\u00e4ngeschrank mit innerem Schiebeteil \u2013 Die perfekte L\u00f6sung f\u00fcr Ordnung<\/strong><\/h3>\n\n\n\n<p>Wenn du genug von tiefen Regalen hast, bei denen du nie den \u00dcberblick beh\u00e4ltst, dann ist der H\u00e4ngeschrank mit innerem Schiebeteil genau das Richtige f\u00fcr dich. Unser durchdachtes Design bietet dir die M\u00f6glichkeit, alle deine Gegenst\u00e4nde effizient und \u00fcbersichtlich zu verstauen.<\/p>\n\n\n\n<p>Der H\u00e4ngeschrank ist so konzipiert, dass du alle deine Dosen, Flaschen und anderen Utensilien problemlos unterbringen kannst. Durch das innovative Schieberegal-System hast du alles im Blick und kannst m\u00fchelos auf deine Sachen zugreifen, ohne dass etwas in den hinteren Reihen verloren geht.<\/p>\n\n\n\n<h3 class=\"wp-block-heading\"><strong>Warum ist der H\u00e4ngeschrank mit innerem Schiebeteil so praktisch?<\/strong><\/h3>\n\n\n\n<p>Ein h\u00e4ufiges Problem bei tiefen Regalen ist, dass man den \u00dcberblick verliert, was sich hinten befindet. Das f\u00fchrt dazu, dass Dinge in Vergessenheit geraten und oft erst beim n\u00e4chsten Aussortieren wieder entdeckt werden. Um dieses Problem zu l\u00f6sen, haben wir den H\u00e4ngeschrank mit einem inneren Schiebeteil ausgestattet.<\/p>\n\n\n\n<p>Mit diesem Schieberegal kannst du deine Dinge auf verschiedene Ebenen sortieren, ohne dass sie in den hinteren Ecken verschwinden. Du bekommst so viel Stauraum, wie du ben\u00f6tigst, und beh\u00e4ltst gleichzeitig immer alles im Blick. Keine verlorenen Gegenst\u00e4nde mehr und keine vergessenen Dinge mehr \u2013 alles ist stets griffbereit.<\/p>\n\n\n\n<h3 class=\"wp-block-heading\"><strong>Hol dir deine Bauanleitung jetzt<\/strong><\/h3>\n\n\n\n<p>Wenn du Lust hast, diesen H\u00e4ngeschrank mit innerem Schiebeteil selbst zu bauen, dann findest du die passende Bauanleitung auf unserer Webseite. Klicke <a href=\"https:\/\/shop.lets-bastel.de\/WmS-Haengeschrank-mit-Schieberegal-Bauanleitung?WSB=1\">hier<\/a>, um zu deiner detaillierten Anleitung zu gelangen. Mit etwas handwerklichem Geschick und der richtigen Anleitung wirst du schnell zum Heimwerker-Profi!<\/p>\n\n\n\n<p>Nutze die Vorteile des H\u00e4ngeschranks mit innerem Schiebeteil und schaffe dir eine perfekte Ordnung in deiner Werkstatt oder deinem Zuhause!<\/p>\n\n\n\n<div class=\"wp-block-group alignfull has-accent-5-background-color has-background has-global-padding is-layout-constrained wp-container-core-group-is-layout-827b2b8e wp-block-group-is-layout-constrained\" style=\"margin-top:var(--wp--preset--spacing--20);margin-bottom:var(--wp--preset--spacing--20);padding-top:0;padding-right:0;padding-bottom:0;padding-left:0\">\n<div class=\"wp-block-group alignfull has-global-padding is-layout-constrained wp-container-core-group-is-layout-c7a42c40 wp-block-group-is-layout-constrained\" style=\"margin-top:0;margin-bottom:0;padding-top:var(--wp--preset--spacing--20);padding-right:var(--wp--preset--spacing--50);padding-bottom:var(--wp--preset--spacing--20);padding-left:var(--wp--preset--spacing--50)\">\n<div class=\"wp-block-group alignwide has-base-2-background-color has-background has-global-padding is-layout-constrained wp-container-core-group-is-layout-39412042 wp-block-group-is-layout-constrained\" style=\"border-radius:16px;padding-top:var(--wp--preset--spacing--40);padding-right:var(--wp--preset--spacing--50);padding-bottom:var(--wp--preset--spacing--40);padding-left:var(--wp--preset--spacing--50)\">\n<div style=\"height:var(--wp--preset--spacing--10)\" aria-hidden=\"true\" class=\"wp-block-spacer\"><\/div>\n\n\n\n<h2 class=\"wp-block-heading has-text-align-center has-x-large-font-size\">Hole dir jetzt die Bauanleitung<\/h2>\n\n\n\n<p class=\"has-text-align-center\">Hol dir die Anleitung und baue deine Traumwerkstatt St\u00fcck f\u00fcr St\u00fcck.<\/p>\n\n\n\n<div class=\"wp-block-buttons is-content-justification-center is-layout-flex wp-container-core-buttons-is-layout-a89b3969 wp-block-buttons-is-layout-flex\">\n<div class=\"wp-block-button\"><a class=\"wp-block-button__link wp-element-button\" href=\"https:\/\/shop.lets-bastel.de\/WmS-Haengeschrank-mit-Schieberegal-Bauanleitung?WSB=1\">Zur Bauanleitung<\/a><\/div>\n<\/div>\n\n\n\n<div style=\"height:16px\" aria-hidden=\"true\" class=\"wp-block-spacer\"><\/div>\n<\/div>\n<\/div>\n<\/div>\n\n\n\n<div class=\"wp-block-comments\">\n\n\n\n\n\n\t<div id=\"respond\" class=\"comment-respond wp-block-post-comments-form\">\n\t\t<h3 id=\"reply-title\" class=\"comment-reply-title\">Schreibe einen Kommentar <small><a rel=\"nofollow\" id=\"cancel-comment-reply-link\" href=\"\/index.php?rest_route=%2Fwp%2Fv2%2Fpages%2F21#respond\" style=\"display:none;\">Antwort abbrechen<\/a><\/small><\/h3><form action=\"https:\/\/werkstatt-selber-bauen.de\/wp-comments-post.php\" method=\"post\" id=\"commentform\" class=\"comment-form\"><p class=\"comment-notes\"><span id=\"email-notes\">Deine E-Mail-Adresse wird nicht ver\u00f6ffentlicht.<\/span> <span class=\"required-field-message\">Erforderliche Felder sind mit <span class=\"required\">*<\/span> markiert<\/span><\/p><p class=\"comment-form-comment\"><label for=\"comment\">Kommentar <span class=\"required\">*<\/span><\/label> <textarea id=\"comment\" name=\"comment\" cols=\"45\" rows=\"8\" maxlength=\"65525\" required><\/textarea><\/p><p class=\"comment-form-author\"><label for=\"author\">Name <span class=\"required\">*<\/span><\/label> <input id=\"author\" name=\"author\" type=\"text\" value=\"\" size=\"30\" maxlength=\"245\" autocomplete=\"name\" required \/><\/p>\n<p class=\"comment-form-email\"><label for=\"email\">E-Mail-Adresse <span class=\"required\">*<\/span><\/label> <input id=\"email\" name=\"email\" type=\"email\" value=\"\" size=\"30\" maxlength=\"100\" aria-describedby=\"email-notes\" autocomplete=\"email\" required \/><\/p>\n<p class=\"comment-form-url\"><label for=\"url\">Website<\/label> <input id=\"url\" name=\"url\" type=\"url\" value=\"\" size=\"30\" maxlength=\"200\" autocomplete=\"url\" \/><\/p>\n<p class=\"comment-form-cookies-consent\"><input id=\"wp-comment-cookies-consent\" name=\"wp-comment-cookies-consent\" type=\"checkbox\" value=\"yes\" \/> <label for=\"wp-comment-cookies-consent\">Meinen Namen, meine E-Mail-Adresse und meine Website in diesem Browser f\u00fcr die n\u00e4chste Kommentierung speichern.<\/label><\/p>\n<p class=\"form-submit wp-block-button\"><input name=\"submit\" type=\"submit\" id=\"submit\" class=\"wp-block-button__link wp-element-button\" value=\"Kommentar abschicken\" \/> <input type='hidden' name='comment_post_ID' value='21' id='comment_post_ID' \/>\n<input type='hidden' name='comment_parent' id='comment_parent' value='0' \/>\n<\/p><p style=\"display: none !important;\" class=\"akismet-fields-container\" data-prefix=\"ak_\"><label>&#916;<textarea name=\"ak_hp_textarea\" cols=\"45\" rows=\"8\" maxlength=\"100\"><\/textarea><\/label><input type=\"hidden\" id=\"ak_js_1\" name=\"ak_js\" value=\"175\"\/><script>document.getElementById( \"ak_js_1\" ).setAttribute( \"value\", ( new Date() ).getTime() );<\/script><\/p><\/form>\t<\/div><!-- #respond -->\n\t<\/div>\n","protected":false},"excerpt":{"rendered":"<p>Der H\u00e4ngeschrank mit innerem Schiebeteil \u2013 Die perfekte L\u00f6sung f\u00fcr Ordnung Wenn du genug von tiefen Regalen hast, bei denen du nie den \u00dcberblick beh\u00e4ltst, dann ist der H\u00e4ngeschrank mit innerem Schiebeteil genau das Richtige f\u00fcr dich. Unser durchdachtes Design bietet dir die M\u00f6glichkeit, alle deine Gegenst\u00e4nde effizient und \u00fcbersichtlich zu verstauen. Der H\u00e4ngeschrank ist [&hellip;]<\/p>\n","protected":false},"author":1,"featured_media":175,"parent":196,"menu_order":0,"comment_status":"open","ping_status":"closed","template":"","meta":{"footnotes":""},"class_list":["post-21","page","type-page","status-publish","has-post-thumbnail","hentry"],"_links":{"self":[{"href":"https:\/\/werkstatt-selber-bauen.de\/index.php?rest_route=\/wp\/v2\/pages\/21","targetHints":{"allow":["GET"]}}],"collection":[{"href":"https:\/\/werkstatt-selber-bauen.de\/index.php?rest_route=\/wp\/v2\/pages"}],"about":[{"href":"https:\/\/werkstatt-selber-bauen.de\/index.php?rest_route=\/wp\/v2\/types\/page"}],"author":[{"embeddable":true,"href":"https:\/\/werkstatt-selber-bauen.de\/index.php?rest_route=\/wp\/v2\/users\/1"}],"replies":[{"embeddable":true,"href":"https:\/\/werkstatt-selber-bauen.de\/index.php?rest_route=%2Fwp%2Fv2%2Fcomments&post=21"}],"version-history":[{"count":5,"href":"https:\/\/werkstatt-selber-bauen.de\/index.php?rest_route=\/wp\/v2\/pages\/21\/revisions"}],"predecessor-version":[{"id":328,"href":"https:\/\/werkstatt-selber-bauen.de\/index.php?rest_route=\/wp\/v2\/pages\/21\/revisions\/328"}],"up":[{"embeddable":true,"href":"https:\/\/werkstatt-selber-bauen.de\/index.php?rest_route=\/wp\/v2\/pages\/196"}],"wp:featuredmedia":[{"embeddable":true,"href":"https:\/\/werkstatt-selber-bauen.de\/index.php?rest_route=\/wp\/v2\/media\/175"}],"wp:attachment":[{"href":"https:\/\/werkstatt-selber-bauen.de\/index.php?rest_route=%2Fwp%2Fv2%2Fmedia&parent=21"}],"curies":[{"name":"wp","href":"https:\/\/api.w.org\/{rel}","templated":true}]}}