{"id":23,"date":"2024-07-03T09:02:03","date_gmt":"2024-07-03T09:02:03","guid":{"rendered":"https:\/\/werkstatt-selber-bauen.de\/?page_id=23"},"modified":"2024-07-26T07:23:15","modified_gmt":"2024-07-26T07:23:15","slug":"fraeserschrank","status":"publish","type":"page","link":"https:\/\/werkstatt-selber-bauen.de\/?page_id=23","title":{"rendered":"Fr\u00e4serschrank"},"content":{"rendered":"\n<h2 class=\"wp-block-heading has-text-align-left\">Deine ideale L\u00f6sung f\u00fcr eine aufger\u00e4umte Werkstatt<\/h2>\n\n\n\n<p>Ein gut organisierter Arbeitsbereich ist das A und O f\u00fcr jeden Heimwerker. Der Fr\u00e4serschrank WmS ist eine ausgezeichnete L\u00f6sung, um Deine Werkzeuge optimal zu lagern und immer griffbereit zu haben. Dieser Fr\u00e4serschrank bietet zahlreiche Vorteile, die Dir das Arbeiten in der Werkstatt erleichtern.<\/p>\n\n\n\n<h3 class=\"wp-block-heading\">Vorteile des Fr\u00e4serschranks WmS<\/h3>\n\n\n\n<p>Der Fr\u00e4serschrank WmS zeichnet sich durch ein feinstufiges Rastersystem aus, das Dir eine flexible Anordnung Deiner Werkzeuge erm\u00f6glicht. Du kannst Halterungen unterschiedlicher Bauart einf\u00fcgen und so Deine Werkzeuge in der besten Reihenfolge anordnen. Ob Du sie versetzt oder direkt nebeneinander platzierst, bleibt ganz Dir \u00fcberlassen.<\/p>\n\n\n\n<h3 class=\"wp-block-heading\">Schutz und \u00dcbersichtlichkeit<\/h3>\n\n\n\n<p>Ein weiteres Highlight des Fr\u00e4serschranks WmS ist die T\u00fcr mit Glasscheibe. Diese sorgt nicht nur daf\u00fcr, dass Deine Werkzeuge vor Staub gesch\u00fctzt sind, sondern erm\u00f6glicht Dir auch, den Inhalt des Schranks im geschlossenen Zustand zu betrachten. Dies ist besonders praktisch, wenn Du schnell nach einem bestimmten Werkzeug suchen m\u00f6chtest.<\/p>\n\n\n\n<h3 class=\"wp-block-heading\">Einfacher Zugang und einfache Montage<\/h3>\n\n\n\n<p>Der Fr\u00e4serschrank WmS ist nicht nur funktional, sondern auch leicht zu montieren. Dank der klaren Bauanleitung kannst Du den Schrank schnell aufbauen und direkt in Deiner Werkstatt nutzen. Ein aufger\u00e4umter Arbeitsplatz sorgt f\u00fcr mehr Effizienz und weniger Zeitverlust beim Suchen von Werkzeugen.<\/p>\n\n\n\n<p>F\u00fcr detaillierte Informationen zur Montage und zu den Vorteilen des Fr\u00e4serschranks WmS, schau Dir bitte <a href=\"https:\/\/shop.lets-bastel.de\/WmS-Fraeserschrank-Bauanleitung?WSB=1\">diesen Link<\/a> an. Der Fr\u00e4serschrank WmS ist die ideale Wahl f\u00fcr eine gut organisierte Werkstatt.<\/p>\n\n\n\n<div class=\"wp-block-group alignfull has-accent-5-background-color has-background has-global-padding is-layout-constrained wp-container-core-group-is-layout-827b2b8e wp-block-group-is-layout-constrained\" style=\"margin-top:var(--wp--preset--spacing--20);margin-bottom:var(--wp--preset--spacing--20);padding-top:0;padding-right:0;padding-bottom:0;padding-left:0\">\n<div class=\"wp-block-group alignfull has-global-padding is-layout-constrained wp-container-core-group-is-layout-c7a42c40 wp-block-group-is-layout-constrained\" style=\"margin-top:0;margin-bottom:0;padding-top:var(--wp--preset--spacing--20);padding-right:var(--wp--preset--spacing--50);padding-bottom:var(--wp--preset--spacing--20);padding-left:var(--wp--preset--spacing--50)\">\n<div class=\"wp-block-group alignwide has-base-2-background-color has-background has-global-padding is-layout-constrained wp-container-core-group-is-layout-39412042 wp-block-group-is-layout-constrained\" style=\"border-radius:16px;padding-top:var(--wp--preset--spacing--40);padding-right:var(--wp--preset--spacing--50);padding-bottom:var(--wp--preset--spacing--40);padding-left:var(--wp--preset--spacing--50)\">\n<div style=\"height:var(--wp--preset--spacing--10)\" aria-hidden=\"true\" class=\"wp-block-spacer\"><\/div>\n\n\n\n<h2 class=\"wp-block-heading has-text-align-center has-x-large-font-size\">Hole dir jetzt die Bauanleitung<\/h2>\n\n\n\n<p class=\"has-text-align-center\">Hol dir die Anleitung und baue deine Traumwerkstatt St\u00fcck f\u00fcr St\u00fcck.<\/p>\n\n\n\n<div class=\"wp-block-buttons is-content-justification-center is-layout-flex wp-container-core-buttons-is-layout-a89b3969 wp-block-buttons-is-layout-flex\">\n<div class=\"wp-block-button\"><a class=\"wp-block-button__link wp-element-button\" href=\"https:\/\/shop.lets-bastel.de\/WmS-Fraeserschrank-Bauanleitung?WSB=1\">Zur Bauanleitung<\/a><\/div>\n<\/div>\n\n\n\n<div style=\"height:16px\" aria-hidden=\"true\" class=\"wp-block-spacer\"><\/div>\n<\/div>\n<\/div>\n<\/div>\n\n\n\n<div class=\"wp-block-comments\">\n\n\n\n\n\n\t<div id=\"respond\" class=\"comment-respond wp-block-post-comments-form\">\n\t\t<h3 id=\"reply-title\" class=\"comment-reply-title\">Schreibe einen Kommentar <small><a rel=\"nofollow\" id=\"cancel-comment-reply-link\" href=\"\/index.php?rest_route=%2Fwp%2Fv2%2Fpages%2F23#respond\" style=\"display:none;\">Antwort abbrechen<\/a><\/small><\/h3><form action=\"https:\/\/werkstatt-selber-bauen.de\/wp-comments-post.php\" method=\"post\" id=\"commentform\" class=\"comment-form\"><p class=\"comment-notes\"><span id=\"email-notes\">Deine E-Mail-Adresse wird nicht ver\u00f6ffentlicht.<\/span> <span class=\"required-field-message\">Erforderliche Felder sind mit <span class=\"required\">*<\/span> markiert<\/span><\/p><p class=\"comment-form-comment\"><label for=\"comment\">Kommentar <span class=\"required\">*<\/span><\/label> <textarea id=\"comment\" name=\"comment\" cols=\"45\" rows=\"8\" maxlength=\"65525\" required><\/textarea><\/p><p class=\"comment-form-author\"><label for=\"author\">Name <span class=\"required\">*<\/span><\/label> <input id=\"author\" name=\"author\" type=\"text\" value=\"\" size=\"30\" maxlength=\"245\" autocomplete=\"name\" required \/><\/p>\n<p class=\"comment-form-email\"><label for=\"email\">E-Mail-Adresse <span class=\"required\">*<\/span><\/label> <input id=\"email\" name=\"email\" type=\"email\" value=\"\" size=\"30\" maxlength=\"100\" aria-describedby=\"email-notes\" autocomplete=\"email\" required \/><\/p>\n<p class=\"comment-form-url\"><label for=\"url\">Website<\/label> <input id=\"url\" name=\"url\" type=\"url\" value=\"\" size=\"30\" maxlength=\"200\" autocomplete=\"url\" \/><\/p>\n<p class=\"comment-form-cookies-consent\"><input id=\"wp-comment-cookies-consent\" name=\"wp-comment-cookies-consent\" type=\"checkbox\" value=\"yes\" \/> <label for=\"wp-comment-cookies-consent\">Meinen Namen, meine E-Mail-Adresse und meine Website in diesem Browser f\u00fcr die n\u00e4chste Kommentierung speichern.<\/label><\/p>\n<p class=\"form-submit wp-block-button\"><input name=\"submit\" type=\"submit\" id=\"submit\" class=\"wp-block-button__link wp-element-button\" value=\"Kommentar abschicken\" \/> <input type='hidden' name='comment_post_ID' value='23' id='comment_post_ID' \/>\n<input type='hidden' name='comment_parent' id='comment_parent' value='0' \/>\n<\/p><p style=\"display: none !important;\" class=\"akismet-fields-container\" data-prefix=\"ak_\"><label>&#916;<textarea name=\"ak_hp_textarea\" cols=\"45\" rows=\"8\" maxlength=\"100\"><\/textarea><\/label><input type=\"hidden\" id=\"ak_js_1\" name=\"ak_js\" value=\"129\"\/><script>document.getElementById( \"ak_js_1\" ).setAttribute( \"value\", ( new Date() ).getTime() );<\/script><\/p><\/form>\t<\/div><!-- #respond -->\n\t<\/div>\n","protected":false},"excerpt":{"rendered":"<p>Deine ideale L\u00f6sung f\u00fcr eine aufger\u00e4umte Werkstatt Ein gut organisierter Arbeitsbereich ist das A und O f\u00fcr jeden Heimwerker. Der Fr\u00e4serschrank WmS ist eine ausgezeichnete L\u00f6sung, um Deine Werkzeuge optimal zu lagern und immer griffbereit zu haben. Dieser Fr\u00e4serschrank bietet zahlreiche Vorteile, die Dir das Arbeiten in der Werkstatt erleichtern. Vorteile des Fr\u00e4serschranks WmS Der [&hellip;]<\/p>\n","protected":false},"author":1,"featured_media":169,"parent":196,"menu_order":0,"comment_status":"open","ping_status":"closed","template":"","meta":{"footnotes":""},"class_list":["post-23","page","type-page","status-publish","has-post-thumbnail","hentry"],"_links":{"self":[{"href":"https:\/\/werkstatt-selber-bauen.de\/index.php?rest_route=\/wp\/v2\/pages\/23","targetHints":{"allow":["GET"]}}],"collection":[{"href":"https:\/\/werkstatt-selber-bauen.de\/index.php?rest_route=\/wp\/v2\/pages"}],"about":[{"href":"https:\/\/werkstatt-selber-bauen.de\/index.php?rest_route=\/wp\/v2\/types\/page"}],"author":[{"embeddable":true,"href":"https:\/\/werkstatt-selber-bauen.de\/index.php?rest_route=\/wp\/v2\/users\/1"}],"replies":[{"embeddable":true,"href":"https:\/\/werkstatt-selber-bauen.de\/index.php?rest_route=%2Fwp%2Fv2%2Fcomments&post=23"}],"version-history":[{"count":5,"href":"https:\/\/werkstatt-selber-bauen.de\/index.php?rest_route=\/wp\/v2\/pages\/23\/revisions"}],"predecessor-version":[{"id":326,"href":"https:\/\/werkstatt-selber-bauen.de\/index.php?rest_route=\/wp\/v2\/pages\/23\/revisions\/326"}],"up":[{"embeddable":true,"href":"https:\/\/werkstatt-selber-bauen.de\/index.php?rest_route=\/wp\/v2\/pages\/196"}],"wp:featuredmedia":[{"embeddable":true,"href":"https:\/\/werkstatt-selber-bauen.de\/index.php?rest_route=\/wp\/v2\/media\/169"}],"wp:attachment":[{"href":"https:\/\/werkstatt-selber-bauen.de\/index.php?rest_route=%2Fwp%2Fv2%2Fmedia&parent=23"}],"curies":[{"name":"wp","href":"https:\/\/api.w.org\/{rel}","templated":true}]}}