{"id":25,"date":"2024-07-03T09:02:14","date_gmt":"2024-07-03T09:02:14","guid":{"rendered":"https:\/\/werkstatt-selber-bauen.de\/?page_id=25"},"modified":"2024-07-26T07:24:44","modified_gmt":"2024-07-26T07:24:44","slug":"plattenwerkbank","status":"publish","type":"page","link":"https:\/\/werkstatt-selber-bauen.de\/?page_id=25","title":{"rendered":"Plattenwerkbank"},"content":{"rendered":"\n<h2 class=\"wp-block-heading has-text-align-center\"><strong>Plattenwerkbank WmS \u2013 Die ideale L\u00f6sung f\u00fcr deine Werkstatt<\/strong><\/h2>\n\n\n\n<p><em>Entdecke die Vorteile der Plattenwerkbank WmS f\u00fcr deine Werkstatt<\/em><\/p>\n\n\n\n<p>Wenn du auf der Suche nach einer robusten und vielseitigen Werkbank f\u00fcr deine Werkstatt bist, ist die Plattenwerkbank WmS eine ausgezeichnete Wahl. Mit unserer detaillierten Bauanleitung kannst du diese Werkbank einfach selber bauen und von den zahlreichen Vorteilen profitieren, die sie bietet.<\/p>\n\n\n\n<h3 class=\"wp-block-heading\"><strong>Stabile Konstruktion f\u00fcr deine Werkstatt<\/strong><\/h3>\n\n\n\n<p>Die Plattenwerkbank WmS ist ideal f\u00fcr Heimwerker, die eine stabile und langlebige Werkbank ben\u00f6tigen. Sie besitzt ein hohes Eigengewicht, das f\u00fcr eine sichere und feste Standfestigkeit sorgt. Dar\u00fcber hinaus ist die Konstruktion besonders verwindungssteif, was f\u00fcr eine pr\u00e4zise Arbeit unverzichtbar ist.<\/p>\n\n\n\n<h3 class=\"wp-block-heading\"><strong>Freistehende Werkbank f\u00fcr maximale Flexibilit\u00e4t<\/strong><\/h3>\n\n\n\n<p>Eine freistehende Werkbank ist besonders in kleinen Werkst\u00e4tten von Vorteil. Sie erm\u00f6glicht es dir, von allen Seiten zu arbeiten, ohne dass du dich durch andere M\u00f6bel oder W\u00e4nde eingeschr\u00e4nkt f\u00fchlst. Diese Flexibilit\u00e4t kann deine Arbeitsabl\u00e4ufe erheblich verbessern und die Effizienz steigern.<\/p>\n\n\n\n<h3 class=\"wp-block-heading\"><strong>Praktische Details der Plattenwerkbank WmS<\/strong><\/h3>\n\n\n\n<p>Unsere Plattenwerkbank WmS bietet dir eine Reihe von praktischen Funktionen:<\/p>\n\n\n\n<ul class=\"wp-block-list\">\n<li><strong>Vielseitige Spannm\u00f6glichkeiten:<\/strong> Du kannst Werkst\u00fccke in verschiedenen Positionen sicher fixieren.<\/li>\n\n\n\n<li><strong>Stauraum:<\/strong> Der Platz unter der Werkbank eignet sich hervorragend f\u00fcr die Aufbewahrung langer Werkzeuge.<\/li>\n\n\n\n<li><strong>Stabilit\u00e4t:<\/strong> Auch das untere Ablagefach ist stabil genug, um schwere Gegenst\u00e4nde sicher aufzubewahren.<\/li>\n<\/ul>\n\n\n\n<p>Um die Plattenwerkbank WmS selber zu bauen, folge einfach unserer <a href=\"https:\/\/shop.lets-bastel.de\/WmS-Plattenwerkbank-Bauanleitung?WSB=1\">Bauanleitung<\/a>, die dir eine klare und verst\u00e4ndliche Anleitung bietet. Egal, ob du neu im Heimwerken bist oder schon Erfahrung hast, diese Anleitung wird dir helfen, die perfekte Werkbank f\u00fcr deine Bed\u00fcrfnisse zu erstellen.<\/p>\n\n\n\n<div class=\"wp-block-group alignfull has-accent-5-background-color has-background has-global-padding is-layout-constrained wp-container-core-group-is-layout-827b2b8e wp-block-group-is-layout-constrained\" style=\"margin-top:var(--wp--preset--spacing--20);margin-bottom:var(--wp--preset--spacing--20);padding-top:0;padding-right:0;padding-bottom:0;padding-left:0\">\n<div class=\"wp-block-group alignfull has-global-padding is-layout-constrained wp-container-core-group-is-layout-c7a42c40 wp-block-group-is-layout-constrained\" style=\"margin-top:0;margin-bottom:0;padding-top:var(--wp--preset--spacing--20);padding-right:var(--wp--preset--spacing--50);padding-bottom:var(--wp--preset--spacing--20);padding-left:var(--wp--preset--spacing--50)\">\n<div class=\"wp-block-group alignwide has-base-2-background-color has-background has-global-padding is-layout-constrained wp-container-core-group-is-layout-39412042 wp-block-group-is-layout-constrained\" style=\"border-radius:16px;padding-top:var(--wp--preset--spacing--40);padding-right:var(--wp--preset--spacing--50);padding-bottom:var(--wp--preset--spacing--40);padding-left:var(--wp--preset--spacing--50)\">\n<div style=\"height:var(--wp--preset--spacing--10)\" aria-hidden=\"true\" class=\"wp-block-spacer\"><\/div>\n\n\n\n<h2 class=\"wp-block-heading has-text-align-center has-x-large-font-size\">Hole dir jetzt die Bauanleitung<\/h2>\n\n\n\n<p class=\"has-text-align-center\">Hol dir die Anleitung und baue deine Traumwerkstatt St\u00fcck f\u00fcr St\u00fcck.<\/p>\n\n\n\n<div class=\"wp-block-buttons is-content-justification-center is-layout-flex wp-container-core-buttons-is-layout-a89b3969 wp-block-buttons-is-layout-flex\">\n<div class=\"wp-block-button\"><a class=\"wp-block-button__link wp-element-button\" href=\"https:\/\/shop.lets-bastel.de\/WmS-Plattenwerkbank-Bauanleitung?WSB=1\">Zur Bauanleitung<\/a><\/div>\n<\/div>\n\n\n\n<div style=\"height:16px\" aria-hidden=\"true\" class=\"wp-block-spacer\"><\/div>\n<\/div>\n<\/div>\n<\/div>\n\n\n\n<div class=\"wp-block-comments\">\n\n\n\n\n\n\t<div id=\"respond\" class=\"comment-respond wp-block-post-comments-form\">\n\t\t<h3 id=\"reply-title\" class=\"comment-reply-title\">Schreibe einen Kommentar <small><a rel=\"nofollow\" id=\"cancel-comment-reply-link\" href=\"\/index.php?rest_route=%2Fwp%2Fv2%2Fpages%2F25#respond\" style=\"display:none;\">Antwort abbrechen<\/a><\/small><\/h3><form action=\"https:\/\/werkstatt-selber-bauen.de\/wp-comments-post.php\" method=\"post\" id=\"commentform\" class=\"comment-form\"><p class=\"comment-notes\"><span id=\"email-notes\">Deine E-Mail-Adresse wird nicht ver\u00f6ffentlicht.<\/span> <span class=\"required-field-message\">Erforderliche Felder sind mit <span class=\"required\">*<\/span> markiert<\/span><\/p><p class=\"comment-form-comment\"><label for=\"comment\">Kommentar <span class=\"required\">*<\/span><\/label> <textarea id=\"comment\" name=\"comment\" cols=\"45\" rows=\"8\" maxlength=\"65525\" required><\/textarea><\/p><p class=\"comment-form-author\"><label for=\"author\">Name <span class=\"required\">*<\/span><\/label> <input id=\"author\" name=\"author\" type=\"text\" value=\"\" size=\"30\" maxlength=\"245\" autocomplete=\"name\" required \/><\/p>\n<p class=\"comment-form-email\"><label for=\"email\">E-Mail-Adresse <span class=\"required\">*<\/span><\/label> <input id=\"email\" name=\"email\" type=\"email\" value=\"\" size=\"30\" maxlength=\"100\" aria-describedby=\"email-notes\" autocomplete=\"email\" required \/><\/p>\n<p class=\"comment-form-url\"><label for=\"url\">Website<\/label> <input id=\"url\" name=\"url\" type=\"url\" value=\"\" size=\"30\" maxlength=\"200\" autocomplete=\"url\" \/><\/p>\n<p class=\"comment-form-cookies-consent\"><input id=\"wp-comment-cookies-consent\" name=\"wp-comment-cookies-consent\" type=\"checkbox\" value=\"yes\" \/> <label for=\"wp-comment-cookies-consent\">Meinen Namen, meine E-Mail-Adresse und meine Website in diesem Browser f\u00fcr die n\u00e4chste Kommentierung speichern.<\/label><\/p>\n<p class=\"form-submit wp-block-button\"><input name=\"submit\" type=\"submit\" id=\"submit\" class=\"wp-block-button__link wp-element-button\" value=\"Kommentar abschicken\" \/> <input type='hidden' name='comment_post_ID' value='25' id='comment_post_ID' \/>\n<input type='hidden' name='comment_parent' id='comment_parent' value='0' \/>\n<\/p><p style=\"display: none !important;\" class=\"akismet-fields-container\" data-prefix=\"ak_\"><label>&#916;<textarea name=\"ak_hp_textarea\" cols=\"45\" rows=\"8\" maxlength=\"100\"><\/textarea><\/label><input type=\"hidden\" id=\"ak_js_1\" name=\"ak_js\" value=\"100\"\/><script>document.getElementById( \"ak_js_1\" ).setAttribute( \"value\", ( new Date() ).getTime() );<\/script><\/p><\/form>\t<\/div><!-- #respond -->\n\t<\/div>\n","protected":false},"excerpt":{"rendered":"<p>Plattenwerkbank WmS \u2013 Die ideale L\u00f6sung f\u00fcr deine Werkstatt Entdecke die Vorteile der Plattenwerkbank WmS f\u00fcr deine Werkstatt Wenn du auf der Suche nach einer robusten und vielseitigen Werkbank f\u00fcr deine Werkstatt bist, ist die Plattenwerkbank WmS eine ausgezeichnete Wahl. Mit unserer detaillierten Bauanleitung kannst du diese Werkbank einfach selber bauen und von den zahlreichen [&hellip;]<\/p>\n","protected":false},"author":1,"featured_media":63,"parent":196,"menu_order":0,"comment_status":"open","ping_status":"closed","template":"","meta":{"footnotes":""},"class_list":["post-25","page","type-page","status-publish","has-post-thumbnail","hentry"],"_links":{"self":[{"href":"https:\/\/werkstatt-selber-bauen.de\/index.php?rest_route=\/wp\/v2\/pages\/25","targetHints":{"allow":["GET"]}}],"collection":[{"href":"https:\/\/werkstatt-selber-bauen.de\/index.php?rest_route=\/wp\/v2\/pages"}],"about":[{"href":"https:\/\/werkstatt-selber-bauen.de\/index.php?rest_route=\/wp\/v2\/types\/page"}],"author":[{"embeddable":true,"href":"https:\/\/werkstatt-selber-bauen.de\/index.php?rest_route=\/wp\/v2\/users\/1"}],"replies":[{"embeddable":true,"href":"https:\/\/werkstatt-selber-bauen.de\/index.php?rest_route=%2Fwp%2Fv2%2Fcomments&post=25"}],"version-history":[{"count":5,"href":"https:\/\/werkstatt-selber-bauen.de\/index.php?rest_route=\/wp\/v2\/pages\/25\/revisions"}],"predecessor-version":[{"id":330,"href":"https:\/\/werkstatt-selber-bauen.de\/index.php?rest_route=\/wp\/v2\/pages\/25\/revisions\/330"}],"up":[{"embeddable":true,"href":"https:\/\/werkstatt-selber-bauen.de\/index.php?rest_route=\/wp\/v2\/pages\/196"}],"wp:featuredmedia":[{"embeddable":true,"href":"https:\/\/werkstatt-selber-bauen.de\/index.php?rest_route=\/wp\/v2\/media\/63"}],"wp:attachment":[{"href":"https:\/\/werkstatt-selber-bauen.de\/index.php?rest_route=%2Fwp%2Fv2%2Fmedia&parent=25"}],"curies":[{"name":"wp","href":"https:\/\/api.w.org\/{rel}","templated":true}]}}