{"id":27,"date":"2024-07-03T09:02:29","date_gmt":"2024-07-03T09:02:29","guid":{"rendered":"https:\/\/werkstatt-selber-bauen.de\/?page_id=27"},"modified":"2024-07-26T07:24:26","modified_gmt":"2024-07-26T07:24:26","slug":"kofferschrank-fuer-behaelter","status":"publish","type":"page","link":"https:\/\/werkstatt-selber-bauen.de\/?page_id=27","title":{"rendered":"Kofferschrank f\u00fcr Beh\u00e4lter"},"content":{"rendered":"\n<h2 class=\"wp-block-heading has-text-align-left\">Perfekte Organisation f\u00fcr Dein Werkstatt-Setup<\/h2>\n\n\n\n<h3 class=\"wp-block-heading\"><strong>Was ist ein Kofferschrank f\u00fcr Systainer?<\/strong><\/h3>\n\n\n\n<p>Ein Kofferschrank f\u00fcr Systainer ist die ideale Aufbewahrungsl\u00f6sung f\u00fcr alle, die ihre Werkstatt optimal organisieren m\u00f6chten. Dieser Schrank ist speziell f\u00fcr Systemkoffer wie die Systainer von AUER PACKAGING, Bosch oder \u00e4hnlich konzipiert. Wenn Du Wert auf Ordnung legst und Deine Werkzeuge und Maschinen stets griffbereit haben m\u00f6chtest, ist ein Kofferschrank f\u00fcr Systainer genau das Richtige f\u00fcr Dich.<\/p>\n\n\n\n<h3 class=\"wp-block-heading\"><strong>Durchdachtes Design f\u00fcr maximale Effizienz<\/strong><\/h3>\n\n\n\n<p>Der Kofferschrank f\u00fcr Systainer bietet durch sein durchdachtes Design eine ausgezeichnete Raumnutzung. Die Teilausz\u00fcge erm\u00f6glichen es, die Schranktiefe von 60 cm optimal auszunutzen. Zus\u00e4tzlich kannst Du die H\u00f6hen der Einsch\u00fcbe variabel einstellen, um den Schrank genau an die verschiedenen Gr\u00f6\u00dfen und Formen Deiner Systainer anzupassen. Dies sorgt f\u00fcr eine flexible und pr\u00e4zise Organisation Deiner Werkzeuge und Maschinen.<\/p>\n\n\n\n<h3 class=\"wp-block-heading\"><strong>Warum ein Kofferschrank f\u00fcr Systainer?<\/strong><\/h3>\n\n\n\n<p>Die Entscheidung f\u00fcr einen Kofferschrank f\u00fcr Systainer bringt viele Vorteile. Durch die Anpassungsf\u00e4higkeit und die durchdachte Raumnutzung wird Deine Werkstatt nicht nur ordentlicher, sondern auch effizienter. Keine langen Suchzeiten mehr nach den ben\u00f6tigten Werkzeugen \u2013 alles ist schnell zur Hand und ordentlich verstaut.<\/p>\n\n\n\n<h3 class=\"wp-block-heading\"><strong>Hol Dir die Bauanleitung f\u00fcr Deinen Kofferschrank<\/strong><\/h3>\n\n\n\n<p>Wenn Du diesen Kofferschrank f\u00fcr Systainer selbst bauen m\u00f6chtest, schau Dir <a href=\"https:\/\/shop.lets-bastel.de\/WmS-Kofferschrank-Bauanleitung?WSB=1\">diese Seite<\/a> an, um die Bauanleitung zu finden. Investiere in eine praktische Aufbewahrungsl\u00f6sung und erlebe den Unterschied in Deiner Werkstatt \u2013 f\u00fcr mehr Ordnung und weniger Stress beim Arbeiten.<\/p>\n\n\n\n<div class=\"wp-block-group alignfull has-accent-5-background-color has-background has-global-padding is-layout-constrained wp-container-core-group-is-layout-827b2b8e wp-block-group-is-layout-constrained\" style=\"margin-top:var(--wp--preset--spacing--20);margin-bottom:var(--wp--preset--spacing--20);padding-top:0;padding-right:0;padding-bottom:0;padding-left:0\">\n<div class=\"wp-block-group alignfull has-global-padding is-layout-constrained wp-container-core-group-is-layout-c7a42c40 wp-block-group-is-layout-constrained\" style=\"margin-top:0;margin-bottom:0;padding-top:var(--wp--preset--spacing--20);padding-right:var(--wp--preset--spacing--50);padding-bottom:var(--wp--preset--spacing--20);padding-left:var(--wp--preset--spacing--50)\">\n<div class=\"wp-block-group alignwide has-base-2-background-color has-background has-global-padding is-layout-constrained wp-container-core-group-is-layout-39412042 wp-block-group-is-layout-constrained\" style=\"border-radius:16px;padding-top:var(--wp--preset--spacing--40);padding-right:var(--wp--preset--spacing--50);padding-bottom:var(--wp--preset--spacing--40);padding-left:var(--wp--preset--spacing--50)\">\n<div style=\"height:var(--wp--preset--spacing--10)\" aria-hidden=\"true\" class=\"wp-block-spacer\"><\/div>\n\n\n\n<h2 class=\"wp-block-heading has-text-align-center has-x-large-font-size\">Hole dir jetzt die Bauanleitung<\/h2>\n\n\n\n<p class=\"has-text-align-center\">Hol dir die Anleitung und baue deine Traumwerkstatt St\u00fcck f\u00fcr St\u00fcck.<\/p>\n\n\n\n<div class=\"wp-block-buttons is-content-justification-center is-layout-flex wp-container-core-buttons-is-layout-a89b3969 wp-block-buttons-is-layout-flex\">\n<div class=\"wp-block-button\"><a class=\"wp-block-button__link wp-element-button\" href=\"https:\/\/shop.lets-bastel.de\/WmS-Kofferschrank-Bauanleitung?WSB=1\">Zur Bauanleitung<\/a><\/div>\n<\/div>\n\n\n\n<div style=\"height:16px\" aria-hidden=\"true\" class=\"wp-block-spacer\"><\/div>\n<\/div>\n<\/div>\n<\/div>\n\n\n\n<div class=\"wp-block-comments\">\n\n\n\n\n\n\t<div id=\"respond\" class=\"comment-respond wp-block-post-comments-form\">\n\t\t<h3 id=\"reply-title\" class=\"comment-reply-title\">Schreibe einen Kommentar <small><a rel=\"nofollow\" id=\"cancel-comment-reply-link\" href=\"\/index.php?rest_route=%2Fwp%2Fv2%2Fpages%2F27#respond\" style=\"display:none;\">Antwort abbrechen<\/a><\/small><\/h3><form action=\"https:\/\/werkstatt-selber-bauen.de\/wp-comments-post.php\" method=\"post\" id=\"commentform\" class=\"comment-form\"><p class=\"comment-notes\"><span id=\"email-notes\">Deine E-Mail-Adresse wird nicht ver\u00f6ffentlicht.<\/span> <span class=\"required-field-message\">Erforderliche Felder sind mit <span class=\"required\">*<\/span> markiert<\/span><\/p><p class=\"comment-form-comment\"><label for=\"comment\">Kommentar <span class=\"required\">*<\/span><\/label> <textarea id=\"comment\" name=\"comment\" cols=\"45\" rows=\"8\" maxlength=\"65525\" required><\/textarea><\/p><p class=\"comment-form-author\"><label for=\"author\">Name <span class=\"required\">*<\/span><\/label> <input id=\"author\" name=\"author\" type=\"text\" value=\"\" size=\"30\" maxlength=\"245\" autocomplete=\"name\" required \/><\/p>\n<p class=\"comment-form-email\"><label for=\"email\">E-Mail-Adresse <span class=\"required\">*<\/span><\/label> <input id=\"email\" name=\"email\" type=\"email\" value=\"\" size=\"30\" maxlength=\"100\" aria-describedby=\"email-notes\" autocomplete=\"email\" required \/><\/p>\n<p class=\"comment-form-url\"><label for=\"url\">Website<\/label> <input id=\"url\" name=\"url\" type=\"url\" value=\"\" size=\"30\" maxlength=\"200\" autocomplete=\"url\" \/><\/p>\n<p class=\"comment-form-cookies-consent\"><input id=\"wp-comment-cookies-consent\" name=\"wp-comment-cookies-consent\" type=\"checkbox\" value=\"yes\" \/> <label for=\"wp-comment-cookies-consent\">Meinen Namen, meine E-Mail-Adresse und meine Website in diesem Browser f\u00fcr die n\u00e4chste Kommentierung speichern.<\/label><\/p>\n<p class=\"form-submit wp-block-button\"><input name=\"submit\" type=\"submit\" id=\"submit\" class=\"wp-block-button__link wp-element-button\" value=\"Kommentar abschicken\" \/> <input type='hidden' name='comment_post_ID' value='27' id='comment_post_ID' \/>\n<input type='hidden' name='comment_parent' id='comment_parent' value='0' \/>\n<\/p><p style=\"display: none !important;\" class=\"akismet-fields-container\" data-prefix=\"ak_\"><label>&#916;<textarea name=\"ak_hp_textarea\" cols=\"45\" rows=\"8\" maxlength=\"100\"><\/textarea><\/label><input type=\"hidden\" id=\"ak_js_1\" name=\"ak_js\" value=\"53\"\/><script>document.getElementById( \"ak_js_1\" ).setAttribute( \"value\", ( new Date() ).getTime() );<\/script><\/p><\/form>\t<\/div><!-- #respond -->\n\t<\/div>\n","protected":false},"excerpt":{"rendered":"<p>Perfekte Organisation f\u00fcr Dein Werkstatt-Setup Was ist ein Kofferschrank f\u00fcr Systainer? Ein Kofferschrank f\u00fcr Systainer ist die ideale Aufbewahrungsl\u00f6sung f\u00fcr alle, die ihre Werkstatt optimal organisieren m\u00f6chten. Dieser Schrank ist speziell f\u00fcr Systemkoffer wie die Systainer von AUER PACKAGING, Bosch oder \u00e4hnlich konzipiert. Wenn Du Wert auf Ordnung legst und Deine Werkzeuge und Maschinen stets [&hellip;]<\/p>\n","protected":false},"author":1,"featured_media":60,"parent":196,"menu_order":0,"comment_status":"open","ping_status":"closed","template":"","meta":{"footnotes":""},"class_list":["post-27","page","type-page","status-publish","has-post-thumbnail","hentry"],"_links":{"self":[{"href":"https:\/\/werkstatt-selber-bauen.de\/index.php?rest_route=\/wp\/v2\/pages\/27","targetHints":{"allow":["GET"]}}],"collection":[{"href":"https:\/\/werkstatt-selber-bauen.de\/index.php?rest_route=\/wp\/v2\/pages"}],"about":[{"href":"https:\/\/werkstatt-selber-bauen.de\/index.php?rest_route=\/wp\/v2\/types\/page"}],"author":[{"embeddable":true,"href":"https:\/\/werkstatt-selber-bauen.de\/index.php?rest_route=\/wp\/v2\/users\/1"}],"replies":[{"embeddable":true,"href":"https:\/\/werkstatt-selber-bauen.de\/index.php?rest_route=%2Fwp%2Fv2%2Fcomments&post=27"}],"version-history":[{"count":6,"href":"https:\/\/werkstatt-selber-bauen.de\/index.php?rest_route=\/wp\/v2\/pages\/27\/revisions"}],"predecessor-version":[{"id":329,"href":"https:\/\/werkstatt-selber-bauen.de\/index.php?rest_route=\/wp\/v2\/pages\/27\/revisions\/329"}],"up":[{"embeddable":true,"href":"https:\/\/werkstatt-selber-bauen.de\/index.php?rest_route=\/wp\/v2\/pages\/196"}],"wp:featuredmedia":[{"embeddable":true,"href":"https:\/\/werkstatt-selber-bauen.de\/index.php?rest_route=\/wp\/v2\/media\/60"}],"wp:attachment":[{"href":"https:\/\/werkstatt-selber-bauen.de\/index.php?rest_route=%2Fwp%2Fv2%2Fmedia&parent=27"}],"curies":[{"name":"wp","href":"https:\/\/api.w.org\/{rel}","templated":true}]}}